{"id":3335,"date":"2022-06-29T10:13:40","date_gmt":"2022-06-29T08:13:40","guid":{"rendered":"http:\/\/www.domaine-fauvriere.fr\/conditions-generales-dutilisation\/"},"modified":"2025-04-17T17:19:46","modified_gmt":"2025-04-17T15:19:46","slug":"general-conditions-of-use","status":"publish","type":"page","link":"https:\/\/www.domaine-fauvriere.fr\/en\/conditions-generales-dutilisation\/","title":{"rendered":"Terms and conditions of use"},"content":{"rendered":"<h3 class=\"\" data-start=\"178\" data-end=\"217\"><strong data-start=\"182\" data-end=\"217\">ARTICLE 1. LEGAL INFORMATION<\/strong><\/h3>\n<p class=\"\" data-start=\"219\" data-end=\"445\">Pursuant to Article 6 of Law No. 2004-575 of 21 June 2004 on confidence in the digital economy, this article specifies the identity of the various parties involved in its implementation and monitoring.<\/p>\n<p class=\"\" data-start=\"447\" data-end=\"548\"><strong data-start=\"447\" data-end=\"469\">A. Site publisher<\/strong><br data-start=\"469\" data-end=\"472\" \/>The website <a class=\"\" href=\"https:\/\/www.domaine-fauvriere.fr\/en\/\" target=\"_new\" rel=\"noopener\" data-start=\"480\" data-end=\"532\">domaine-fauvriere.fr<\/a> is published by :<\/p>\n<p class=\"\" data-start=\"550\" data-end=\"845\"><strong data-start=\"550\" data-end=\"565\">WEB STUDIOS<\/strong><br data-start=\"565\" data-end=\"568\" \/>SAS with capital of \u20ac1,000<br data-start=\"593\" data-end=\"596\" \/>Registered office: 5 rue des Riottes, 28100 Dreux<br data-start=\"641\" data-end=\"644\" \/>Registered with the Chartres Trade and Companies Register under number <strong data-start=\"691\" data-end=\"706\">804 590 487<\/strong><br data-start=\"706\" data-end=\"709\" \/>Intracommunity VAT: FR85804590487<br data-start=\"747\" data-end=\"750\" \/>Telephone: 02 37 42 02 02<br data-start=\"776\" data-end=\"779\" \/>E-mail address : <a rel=\"noopener\" data-start=\"796\" data-end=\"818\">contact@web-studios.fr<\/a><br data-start=\"818\" data-end=\"821\" \/>(hereinafter \"the Publisher\")<\/p>\n<p class=\"\" data-start=\"847\" data-end=\"1041\"><strong data-start=\"847\" data-end=\"878\">B. Director of publication<\/strong><br data-start=\"878\" data-end=\"881\" \/>The Publication Director is :<br data-start=\"914\" data-end=\"917\" \/><strong data-start=\"917\" data-end=\"944\">Ms Cl\u00e9mence Paragot<\/strong><br data-start=\"944\" data-end=\"947\" \/>E-mail address : <a rel=\"noopener\" data-start=\"964\" data-end=\"996\">contact@domainedelafauvriere.com<\/a><br data-start=\"996\" data-end=\"999\" \/>(hereinafter \"the Publication Director\")<\/p>\n<p class=\"\" data-start=\"1043\" data-end=\"1095\"><strong data-start=\"1043\" data-end=\"1067\">C. Site host<\/strong><br data-start=\"1067\" data-end=\"1070\" \/>The site is hosted by :<\/p>\n<p class=\"\" data-start=\"1097\" data-end=\"1279\"><strong data-start=\"1097\" data-end=\"1125\">Web Studios via O2SWITCH<\/strong><br data-start=\"1125\" data-end=\"1128\" \/>222 Boulevard Gustave Flaubert, 63000 Clermont-Ferrand<br data-start=\"1182\" data-end=\"1185\" \/>Telephone: 04 44 44 60 40<br data-start=\"1211\" data-end=\"1214\" \/>E-mail address : <a rel=\"noopener\" data-start=\"1231\" data-end=\"1250\">support@o2switch.fr<\/a><br data-start=\"1250\" data-end=\"1253\" \/>(hereinafter referred to as the \"Host\")<\/p>\n<p class=\"\" data-start=\"1281\" data-end=\"1501\"><strong data-start=\"1281\" data-end=\"1300\">D. Users<\/strong><br data-start=\"1300\" data-end=\"1303\" \/>All Internet users who browse, read, view and use the site are considered users. <a class=\"\" href=\"https:\/\/www.domaine-fauvriere.fr\/en\/\" target=\"_new\" rel=\"noopener\" data-start=\"1414\" data-end=\"1466\">domaine-fauvriere.fr<\/a>.<br data-start=\"1467\" data-end=\"1470\" \/>(hereinafter the \"Users\")<\/p>\n<hr class=\"\" data-start=\"1503\" data-end=\"1506\" \/>\n<h3 class=\"\" data-start=\"1508\" data-end=\"1547\"><strong data-start=\"1512\" data-end=\"1547\">ARTICLE 2. PRESENTATION OF THE SITE<\/strong><\/h3>\n<p class=\"\" data-start=\"1549\" data-end=\"1624\">The website <a class=\"\" href=\"https:\/\/www.domaine-fauvriere.fr\/en\/\" target=\"_new\" rel=\"noopener\" data-start=\"1557\" data-end=\"1609\">domaine-fauvriere.fr<\/a> s purpose is :<\/p>\n<ul data-start=\"1626\" data-end=\"1825\">\n<li class=\"\" data-start=\"1626\" data-end=\"1699\">\n<p class=\"\" data-start=\"1628\" data-end=\"1699\">To keep Internet users up to date with news from the Domaine de la Fauvri\u00e8re;<\/p>\n<\/li>\n<li class=\"\" data-start=\"1700\" data-end=\"1753\">\n<p class=\"\" data-start=\"1702\" data-end=\"1753\">To present the services on offer;<\/p>\n<\/li>\n<li class=\"\" data-start=\"1754\" data-end=\"1825\">\n<p class=\"\" data-start=\"1756\" data-end=\"1825\">To enable Internet users to contact Domaine de la Fauvri\u00e8re.<\/p>\n<\/li>\n<\/ul>\n<hr class=\"\" data-start=\"1827\" data-end=\"1830\" \/>\n<h3 class=\"\" data-start=\"1832\" data-end=\"1858\"><strong data-start=\"1836\" data-end=\"1858\">ARTICLE 3. CONTACT<\/strong><\/h3>\n<p class=\"\" data-start=\"1860\" data-end=\"2085\">For any questions or requests for information, or to report unlawful content or activity, the user may contact the Publisher at the following address <a rel=\"noopener\" data-start=\"2022\" data-end=\"2054\">contact@domainedelafauvriere.com<\/a> or by registered mail to :<\/p>\n<p class=\"\" data-start=\"2087\" data-end=\"2157\"><strong data-start=\"2087\" data-end=\"2114\">Domaine de la Fauvri\u00e8re<\/strong><br data-start=\"2114\" data-end=\"2117\" \/>179 route de Foulognes,\u00a0<strong>Place called La Fauvri\u00e8re,\u00a0<\/strong>14240 Sainte-Honorine-de-Ducy<\/p>\n<hr class=\"\" data-start=\"2159\" data-end=\"2162\" \/>\n<h3 class=\"\" data-start=\"2164\" data-end=\"2223\"><strong data-start=\"2168\" data-end=\"2223\">ARTICLE 4. ACCEPTANCE OF THE TERMS OF USE<\/strong><\/h3>\n<p class=\"\" data-start=\"2225\" data-end=\"2502\">Access to and use of the site implies full and unconditional acceptance of these Terms and Conditions.<br data-start=\"2319\" data-end=\"2322\" \/>The Publisher may modify the content of the site, the services and these GTC at any time.<br data-start=\"2414\" data-end=\"2417\" \/>Users are therefore advised to consult the latest online version on a regular basis.<\/p>\n<p class=\"\" data-start=\"2504\" data-end=\"2590\">In the event of disagreement with the GCU, the user must refrain from using the site.<\/p>\n<hr class=\"\" data-start=\"2592\" data-end=\"2595\" \/>\n<h3 class=\"\" data-start=\"2597\" data-end=\"2635\"><strong data-start=\"2601\" data-end=\"2635\">ARTICLE 5. ACCESS AND NAVIGATION<\/strong><\/h3>\n<p class=\"\" data-start=\"2637\" data-end=\"2830\">The site is accessible 24 hours a day, 7 days a week, except in cases of force majeure or maintenance.<br data-start=\"2716\" data-end=\"2719\" \/>Access to the site is restricted to persons of legal age. The Publisher reserves the right to request proof of age.<\/p>\n<p class=\"\" data-start=\"2832\" data-end=\"2883\">Any connection implies acceptance of these GCU.<\/p>\n<p class=\"\" data-start=\"2885\" data-end=\"2985\">The GCU also apply to any extension or variation of the site (social networks, mobile, etc.).<\/p>\n<hr class=\"\" data-start=\"2987\" data-end=\"2990\" \/>\n<h3 class=\"\" data-start=\"2992\" data-end=\"3026\"><strong data-start=\"2996\" data-end=\"3026\">ARTICLE 6. SITE MANAGEMENT<\/strong><\/h3>\n<p class=\"\" data-start=\"3028\" data-end=\"3058\">The Publisher may at any time:<\/p>\n<ul data-start=\"3060\" data-end=\"3291\">\n<li class=\"\" data-start=\"3060\" data-end=\"3128\">\n<p class=\"\" data-start=\"3062\" data-end=\"3128\">Suspend or restrict access to the site to certain users;<\/p>\n<\/li>\n<li class=\"\" data-start=\"3129\" data-end=\"3223\">\n<p class=\"\" data-start=\"3131\" data-end=\"3223\">Delete information that contravenes the law or disrupts the smooth operation of the site;<\/p>\n<\/li>\n<li class=\"\" data-start=\"3224\" data-end=\"3291\">\n<p class=\"\" data-start=\"3226\" data-end=\"3291\">Carry out temporary updates and interruptions to the site.<\/p>\n<\/li>\n<\/ul>\n<hr class=\"\" data-start=\"3293\" data-end=\"3296\" \/>\n<h3 class=\"\" data-start=\"3298\" data-end=\"3360\"><strong data-start=\"3302\" data-end=\"3360\">ARTICLE 7. SERVICES RESERVED FOR REGISTERED USERS<\/strong><\/h3>\n<h4 class=\"\" data-start=\"3362\" data-end=\"3385\"><strong data-start=\"3367\" data-end=\"3385\">1. Registration<\/strong><\/h4>\n<p class=\"\" data-start=\"3387\" data-end=\"3583\">Some services may require registration.<br data-start=\"3440\" data-end=\"3443\" \/>The user undertakes to provide accurate, up-to-date and complete information.<br data-start=\"3522\" data-end=\"3525\" \/>Only one entry per person is permitted.<\/p>\n<p class=\"\" data-start=\"3585\" data-end=\"3680\">The user receives a strictly personal and confidential login and password.<\/p>\n<p class=\"\" data-start=\"3682\" data-end=\"3773\">The Publisher reserves the right to refuse registration if the GTC are not respected.<\/p>\n<h4 class=\"\" data-start=\"3775\" data-end=\"3801\"><strong data-start=\"3780\" data-end=\"3801\">2. Unsubscribe<\/strong><\/h4>\n<p class=\"\" data-start=\"3803\" data-end=\"3888\">Users may unsubscribe at any time via their personal space.<\/p>\n<hr class=\"\" data-start=\"3890\" data-end=\"3893\" \/>\n<h3 class=\"\" data-start=\"3895\" data-end=\"3929\"><strong data-start=\"3899\" data-end=\"3929\">SECTION 8. RESPONSIBILITIES<\/strong><\/h3>\n<p class=\"\" data-start=\"3931\" data-end=\"3996\">The Publisher is only responsible for the content that it publishes itself.<\/p>\n<p class=\"\" data-start=\"3998\" data-end=\"4048\">The Publisher declines all responsibility in the event of :<\/p>\n<ul data-start=\"4050\" data-end=\"4255\">\n<li class=\"\" data-start=\"4050\" data-end=\"4094\">\n<p class=\"\" data-start=\"4052\" data-end=\"4094\">Technical or compatibility problems ;<\/p>\n<\/li>\n<li class=\"\" data-start=\"4095\" data-end=\"4157\">\n<p class=\"\" data-start=\"4097\" data-end=\"4157\">Direct or indirect damage arising from use of the site;<\/p>\n<\/li>\n<li class=\"\" data-start=\"4158\" data-end=\"4197\">\n<p class=\"\" data-start=\"4160\" data-end=\"4197\">External content not managed by the company;<\/p>\n<\/li>\n<li class=\"\" data-start=\"4198\" data-end=\"4255\">\n<p class=\"\" data-start=\"4200\" data-end=\"4255\">Inaccuracy or obsolescence of certain information.<\/p>\n<\/li>\n<\/ul>\n<p class=\"\" data-start=\"4257\" data-end=\"4288\">The user is responsible for :<\/p>\n<ul data-start=\"4290\" data-end=\"4383\">\n<li class=\"\" data-start=\"4290\" data-end=\"4327\">\n<p class=\"\" data-start=\"4292\" data-end=\"4327\">Its equipment and data;<\/p>\n<\/li>\n<li class=\"\" data-start=\"4328\" data-end=\"4361\">\n<p class=\"\" data-start=\"4330\" data-end=\"4361\">Their use of the site;<\/p>\n<\/li>\n<li class=\"\" data-start=\"4362\" data-end=\"4383\">\n<p class=\"\" data-start=\"4364\" data-end=\"4383\">Compliance with the GCU.<\/p>\n<\/li>\n<\/ul>\n<hr class=\"\" data-start=\"4385\" data-end=\"4388\" \/>\n<h3 class=\"\" data-start=\"4390\" data-end=\"4426\"><strong data-start=\"4394\" data-end=\"4426\">ARTICLE 9. HYPERTEXT LINKS<\/strong><\/h3>\n<p class=\"\" data-start=\"4428\" data-end=\"4559\">The site may contain links to third-party sites.<br data-start=\"4481\" data-end=\"4484\" \/>The Publisher cannot be held responsible for the content of these external sites.<\/p>\n<p class=\"\" data-start=\"4561\" data-end=\"4633\">Links to the site are authorised subject to the following conditions:<\/p>\n<ul data-start=\"4634\" data-end=\"4826\">\n<li class=\"\" data-start=\"4634\" data-end=\"4684\">\n<p class=\"\" data-start=\"4636\" data-end=\"4684\">No commercial use without prior agreement;<\/p>\n<\/li>\n<li class=\"\" data-start=\"4685\" data-end=\"4733\">\n<p class=\"\" data-start=\"4687\" data-end=\"4733\">Compliance with the site's editorial policy;<\/p>\n<\/li>\n<li class=\"\" data-start=\"4734\" data-end=\"4826\">\n<p class=\"\" data-start=\"4736\" data-end=\"4826\">Exclusion of sites with illegal, violent, discriminatory or unethical content.<\/p>\n<\/li>\n<\/ul>\n<p class=\"\" data-start=\"4828\" data-end=\"4905\">The Publisher reserves the right to request the removal of a link to its site.<\/p>\n<hr class=\"\" data-start=\"4907\" data-end=\"4910\" \/>\n<h3 class=\"\" data-start=\"4912\" data-end=\"4956\"><strong data-start=\"4916\" data-end=\"4956\">ARTICLE 10. INTELLECTUAL PROPERTY<\/strong><\/h3>\n<p class=\"\" data-start=\"4958\" data-end=\"5041\">All elements of the site are protected by the French Intellectual Property Code.<\/p>\n<p class=\"\" data-start=\"5043\" data-end=\"5170\">Any unauthorised reproduction or use is prohibited and constitutes an infringement of copyright (articles L.335-2 et seq.).<\/p>\n<p class=\"\" data-start=\"5172\" data-end=\"5252\">Access to the site does not entail any transfer of intellectual property rights.<\/p>\n<p class=\"\" data-start=\"5254\" data-end=\"5353\">It is strictly forbidden to inject content or data that alters the operation of the site.<\/p>\n<hr class=\"\" data-start=\"5355\" data-end=\"5358\" \/>\n<h3 class=\"\" data-start=\"5360\" data-end=\"5420\"><strong data-start=\"5364\" data-end=\"5420\">ARTICLE 11. APPLICABLE LAW AND COMPETENT JURISDICTION<\/strong><\/h3>\n<p class=\"\" data-start=\"5422\" data-end=\"5576\">These GCU are governed by French law.<br data-start=\"5474\" data-end=\"5477\" \/>Any dispute will be submitted to the jurisdiction of the French courts, in the absence of amicable resolution.<\/p>\n<hr class=\"\" data-start=\"5578\" data-end=\"5581\" \/>\n<p class=\"\" data-start=\"5583\" data-end=\"5689\">The website <a class=\"\" href=\"https:\/\/www.domaine-fauvriere.fr\/en\/\" target=\"_new\" rel=\"noopener\" data-start=\"5591\" data-end=\"5643\">domaine-fauvriere.fr<\/a> wishes you a <strong data-start=\"5662\" data-end=\"5687\">excellent navigation.<\/strong><\/p>","protected":false},"excerpt":{"rendered":"<p>ARTICLE 1. INFORMATIONS L\u00c9GALES En vertu de l&rsquo;article 6 de la Loi n\u00b0 2004-575 du 21 juin 2004 pour la confiance dans l&rsquo;\u00e9conomie num\u00e9rique, il est pr\u00e9cis\u00e9 dans cet article l&rsquo;identit\u00e9 des diff\u00e9rents intervenants dans le cadre de sa r\u00e9alisation et de son suivi. A. \u00c9diteur du siteLe site domaine-fauvriere.fr est \u00e9dit\u00e9 par : WEB [&hellip;]<\/p>\n","protected":false},"author":1,"featured_media":0,"parent":0,"menu_order":0,"comment_status":"closed","ping_status":"closed","template":"","meta":{"_acf_changed":false,"_seopress_robots_primary_cat":"","_seopress_titles_title":"","_seopress_titles_desc":"","_seopress_robots_index":"","footnotes":""},"class_list":["post-3335","page","type-page","status-publish","hentry"],"acf":[],"_links":{"self":[{"href":"https:\/\/www.domaine-fauvriere.fr\/en\/wp-json\/wp\/v2\/pages\/3335","targetHints":{"allow":["GET"]}}],"collection":[{"href":"https:\/\/www.domaine-fauvriere.fr\/en\/wp-json\/wp\/v2\/pages"}],"about":[{"href":"https:\/\/www.domaine-fauvriere.fr\/en\/wp-json\/wp\/v2\/types\/page"}],"author":[{"embeddable":true,"href":"https:\/\/www.domaine-fauvriere.fr\/en\/wp-json\/wp\/v2\/users\/1"}],"replies":[{"embeddable":true,"href":"https:\/\/www.domaine-fauvriere.fr\/en\/wp-json\/wp\/v2\/comments?post=3335"}],"version-history":[{"count":5,"href":"https:\/\/www.domaine-fauvriere.fr\/en\/wp-json\/wp\/v2\/pages\/3335\/revisions"}],"predecessor-version":[{"id":6199,"href":"https:\/\/www.domaine-fauvriere.fr\/en\/wp-json\/wp\/v2\/pages\/3335\/revisions\/6199"}],"wp:attachment":[{"href":"https:\/\/www.domaine-fauvriere.fr\/en\/wp-json\/wp\/v2\/media?parent=3335"}],"curies":[{"name":"wp","href":"https:\/\/api.w.org\/{rel}","templated":true}]}}