{"id":3333,"date":"2022-07-08T11:12:41","date_gmt":"2022-07-08T09:12:41","guid":{"rendered":"http:\/\/www.domaine-fauvriere.fr\/mentions-legales\/"},"modified":"2025-04-17T17:09:47","modified_gmt":"2025-04-17T15:09:47","slug":"legal-information","status":"publish","type":"page","link":"https:\/\/www.domaine-fauvriere.fr\/en\/mentions-legales\/","title":{"rendered":"Legal notice"},"content":{"rendered":"<p class=\"\" data-start=\"87\" data-end=\"370\"><strong data-start=\"87\" data-end=\"370\">Conform\u00e9ment aux dispositions des Articles 6-III et 19 de la Loi n\u00b02004-575 du 21 juin 2004 pour la Confiance dans l\u2019\u00e9conomie num\u00e9rique, dite L.C.E.N., il est port\u00e9 \u00e0 la connaissance des utilisateurs et visiteurs du site [domaine-fauvriere.fr] les pr\u00e9sentes mentions l\u00e9gales.<\/strong><\/p>\n<p class=\"\" data-start=\"372\" data-end=\"671\">Le site <strong data-start=\"380\" data-end=\"404\">domaine-fauvriere.fr<\/strong> est accessible \u00e0 l\u2019adresse suivante : <a class=\"\" href=\"https:\/\/domaine-fauvriere.fr\" target=\"_new\" rel=\"noopener\" data-start=\"443\" data-end=\"503\">https:\/\/domaine-fauvriere.fr<\/a> (ci-apr\u00e8s le \u00ab\u00a0Site\u00a0\u00bb). L\u2019acc\u00e8s et l\u2019utilisation du Site sont soumis aux pr\u00e9sentes Mentions L\u00e9gales d\u00e9taill\u00e9es ci-apr\u00e8s ainsi qu\u2019aux lois et\/ou r\u00e8glements applicables.<\/p>\n<p class=\"\" data-start=\"673\" data-end=\"847\">La connexion, l\u2019utilisation et l\u2019acc\u00e8s \u00e0 ce Site impliquent l\u2019acceptation int\u00e9grale et sans r\u00e9serve de l\u2019internaute de toutes les dispositions des pr\u00e9sentes Mentions L\u00e9gales.<\/p>\n<hr class=\"\" data-start=\"849\" data-end=\"852\" \/>\n<h3 class=\"\" data-start=\"854\" data-end=\"894\"><strong data-start=\"858\" data-end=\"894\">ARTICLE 1 \u2013 INFORMATIONS L\u00c9GALES<\/strong><\/h3>\n<p class=\"\" data-start=\"896\" data-end=\"1121\">En vertu de l\u2019article 6 de la Loi n\u00b02004-575 du 21 juin 2004 pour la confiance dans l\u2019\u00e9conomie num\u00e9rique, il est pr\u00e9cis\u00e9 dans cet article l\u2019identit\u00e9 des diff\u00e9rents intervenants dans le cadre de sa r\u00e9alisation et de son suivi.<\/p>\n<p class=\"\" data-start=\"1123\" data-end=\"1145\"><strong data-start=\"1123\" data-end=\"1145\">A. \u00c9diteur du site<\/strong><\/p>\n<p class=\"\" data-start=\"1147\" data-end=\"1195\">Le site <strong data-start=\"1155\" data-end=\"1179\">domaine-fauvriere.fr<\/strong> est \u00e9dit\u00e9 par :<\/p>\n<p class=\"\" data-start=\"1197\" data-end=\"1493\"><strong data-start=\"1197\" data-end=\"1212\">WEB STUDIOS<\/strong>,<br data-start=\"1213\" data-end=\"1216\" \/>SAS au capital de 1 000 \u20ac<br data-start=\"1241\" data-end=\"1244\" \/>Si\u00e8ge social : 5 rue des Riottes, 28100 Dreux<br data-start=\"1289\" data-end=\"1292\" \/>Immatricul\u00e9e au RCS de Chartres sous le num\u00e9ro <strong data-start=\"1339\" data-end=\"1354\">804 590 487<\/strong><br data-start=\"1354\" data-end=\"1357\" \/>TVA intracommunautaire : FR85804590487<br data-start=\"1395\" data-end=\"1398\" \/>T\u00e9l\u00e9phone : 02 37 42 02 02<br data-start=\"1424\" data-end=\"1427\" \/>Adresse e-mail : <a rel=\"noopener\" data-start=\"1444\" data-end=\"1466\">contact@web-studios.fr<\/a><br data-start=\"1466\" data-end=\"1469\" \/>(ci-apr\u00e8s \u00ab\u00a0l\u2019\u00c9diteur\u00a0\u00bb)<\/p>\n<p class=\"\" data-start=\"1495\" data-end=\"1526\"><strong data-start=\"1495\" data-end=\"1526\">B. Directeur de publication<\/strong><\/p>\n<p class=\"\" data-start=\"1528\" data-end=\"1689\">Le Directeur de publication est :<br data-start=\"1561\" data-end=\"1564\" \/><strong data-start=\"1564\" data-end=\"1591\">Madame Cl\u00e9mence Paragot<\/strong><br data-start=\"1591\" data-end=\"1594\" \/>Adresse e-mail de contact : <a href=\"mailto:contact@domainedelafauvriere.com\">contact@domainedelafauvriere.com<\/a><br data-start=\"1644\" data-end=\"1647\" \/>(ci-apr\u00e8s \u00ab\u00a0le Directeur de publication\u00a0\u00bb)<\/p>\n<p class=\"\" data-start=\"1691\" data-end=\"1715\"><strong data-start=\"1691\" data-end=\"1715\">C. H\u00e9bergeur du site<\/strong><\/p>\n<p class=\"\" data-start=\"1717\" data-end=\"1767\">Le site <strong data-start=\"1725\" data-end=\"1749\">domaine-fauvriere.fr<\/strong> est h\u00e9berg\u00e9 par :<\/p>\n<p class=\"\" data-start=\"1769\" data-end=\"1951\"><strong data-start=\"1769\" data-end=\"1797\">Web Studios via O2SWITCH<\/strong><br data-start=\"1797\" data-end=\"1800\" \/>222 Boulevard Gustave Flaubert, 63000 Clermont-Ferrand<br data-start=\"1854\" data-end=\"1857\" \/>T\u00e9l\u00e9phone : 04 44 44 60 40<br data-start=\"1883\" data-end=\"1886\" \/>Adresse e-mail : <a rel=\"noopener\" data-start=\"1903\" data-end=\"1922\">support@o2switch.fr<\/a><br data-start=\"1922\" data-end=\"1925\" \/>(ci-apr\u00e8s \u00ab\u00a0l\u2019H\u00e9bergeur\u00a0\u00bb)<\/p>\n<p class=\"\" data-start=\"1953\" data-end=\"1972\"><strong data-start=\"1953\" data-end=\"1972\">D. Utilisateurs<\/strong><\/p>\n<p class=\"\" data-start=\"1974\" data-end=\"2144\">Sont consid\u00e9r\u00e9s comme utilisateurs tous les internautes qui naviguent, lisent, visionnent et utilisent le site <strong data-start=\"2085\" data-end=\"2109\">domaine-fauvriere.fr<\/strong>.<br data-start=\"2110\" data-end=\"2113\" \/>(ci-apr\u00e8s les \u00ab\u00a0Utilisateurs\u00a0\u00bb)<\/p>\n<hr class=\"\" data-start=\"2146\" data-end=\"2149\" \/>\n<h3 class=\"\" data-start=\"2151\" data-end=\"2184\"><strong data-start=\"2155\" data-end=\"2184\">ARTICLE 2 \u2013 ACCESSIBILIT\u00c9<\/strong><\/h3>\n<p class=\"\" data-start=\"2186\" data-end=\"2352\">Le Site est par principe accessible aux Utilisateurs 24h\/24 et 7j\/7, sauf interruption, programm\u00e9e ou non, pour des besoins de maintenance ou en cas de force majeure.<\/p>\n<p class=\"\" data-start=\"2354\" data-end=\"2585\">En cas d\u2019impossibilit\u00e9 d\u2019acc\u00e8s au Site, celui-ci s\u2019engage \u00e0 faire son maximum afin d\u2019en r\u00e9tablir l\u2019acc\u00e8s. Le Site ne saurait \u00eatre tenu pour responsable de tout dommage, quelle qu\u2019en soit la nature, r\u00e9sultant de son indisponibilit\u00e9.<\/p>\n<hr class=\"\" data-start=\"2587\" data-end=\"2590\" \/>\n<h3 class=\"\" data-start=\"2592\" data-end=\"2641\"><strong data-start=\"2596\" data-end=\"2641\">ARTICLE 3 \u2013 LOI APPLICABLE ET JURIDICTION<\/strong><\/h3>\n<p class=\"\" data-start=\"2643\" data-end=\"2858\">Les pr\u00e9sentes Mentions L\u00e9gales sont r\u00e9gies par la loi fran\u00e7aise. En cas de diff\u00e9rend et \u00e0 d\u00e9faut d\u2019accord amiable, le litige sera port\u00e9 devant les tribunaux fran\u00e7ais conform\u00e9ment aux r\u00e8gles de comp\u00e9tence en vigueur.<\/p>\n<hr class=\"\" data-start=\"2860\" data-end=\"2863\" \/>\n<h3 class=\"\" data-start=\"2865\" data-end=\"2892\"><strong data-start=\"2869\" data-end=\"2892\">ARTICLE 4 \u2013 CONTACT<\/strong><\/h3>\n<p class=\"\" data-start=\"2894\" data-end=\"3148\">Pour tout signalement de contenus ou d\u2019activit\u00e9s illicites, l\u2019Utilisateur peut contacter l\u2019\u00c9diteur \u00e0 l\u2019adresse suivante : contact@domainedelafauvriere.com , ou par courrier recommand\u00e9 avec accus\u00e9 de r\u00e9ception adress\u00e9 \u00e0 l\u2019\u00c9diteur aux coordonn\u00e9es pr\u00e9cis\u00e9es ci-dessus.<\/p>\n<hr class=\"\" data-start=\"3150\" data-end=\"3153\" \/>\n<p class=\"\" data-start=\"3155\" data-end=\"3229\">Le site <strong data-start=\"3163\" data-end=\"3187\">domaine-fauvriere.fr<\/strong> vous souhaite une excellente navigation !<\/p>\n","protected":false},"excerpt":{"rendered":"<p>Conform\u00e9ment aux dispositions des Articles 6-III et 19 de la Loi n\u00b02004-575 du 21 juin 2004 pour la Confiance dans l\u2019\u00e9conomie num\u00e9rique, dite L.C.E.N., il est port\u00e9 \u00e0 la connaissance des utilisateurs et visiteurs du site [domaine-fauvriere.fr] les pr\u00e9sentes mentions l\u00e9gales. Le site domaine-fauvriere.fr est accessible \u00e0 l\u2019adresse suivante : https:\/\/domaine-fauvriere.fr (ci-apr\u00e8s le \u00ab\u00a0Site\u00a0\u00bb). L\u2019acc\u00e8s [&hellip;]<\/p>\n","protected":false},"author":1,"featured_media":0,"parent":0,"menu_order":0,"comment_status":"closed","ping_status":"closed","template":"","meta":{"_acf_changed":false,"_seopress_robots_primary_cat":"","_seopress_titles_title":"","_seopress_titles_desc":"","_seopress_robots_index":"","footnotes":""},"class_list":["post-3333","page","type-page","status-publish","hentry"],"acf":[],"_links":{"self":[{"href":"https:\/\/www.domaine-fauvriere.fr\/en\/wp-json\/wp\/v2\/pages\/3333","targetHints":{"allow":["GET"]}}],"collection":[{"href":"https:\/\/www.domaine-fauvriere.fr\/en\/wp-json\/wp\/v2\/pages"}],"about":[{"href":"https:\/\/www.domaine-fauvriere.fr\/en\/wp-json\/wp\/v2\/types\/page"}],"author":[{"embeddable":true,"href":"https:\/\/www.domaine-fauvriere.fr\/en\/wp-json\/wp\/v2\/users\/1"}],"replies":[{"embeddable":true,"href":"https:\/\/www.domaine-fauvriere.fr\/en\/wp-json\/wp\/v2\/comments?post=3333"}],"version-history":[{"count":3,"href":"https:\/\/www.domaine-fauvriere.fr\/en\/wp-json\/wp\/v2\/pages\/3333\/revisions"}],"predecessor-version":[{"id":6193,"href":"https:\/\/www.domaine-fauvriere.fr\/en\/wp-json\/wp\/v2\/pages\/3333\/revisions\/6193"}],"wp:attachment":[{"href":"https:\/\/www.domaine-fauvriere.fr\/en\/wp-json\/wp\/v2\/media?parent=3333"}],"curies":[{"name":"wp","href":"https:\/\/api.w.org\/{rel}","templated":true}]}}