{"id":3786,"date":"2025-03-14T18:03:45","date_gmt":"2025-03-14T17:03:45","guid":{"rendered":"https:\/\/www.domaine-fauvriere.fr\/?page_id=3786"},"modified":"2025-06-01T17:37:29","modified_gmt":"2025-06-01T15:37:29","slug":"aktivitaten","status":"publish","type":"page","link":"https:\/\/www.domaine-fauvriere.fr\/de\/activites\/","title":{"rendered":"Aktivit\u00e4ten"},"content":{"rendered":"<div data-elementor-type=\"wp-page\" data-elementor-id=\"3786\" class=\"elementor elementor-3786\" data-elementor-post-type=\"page\">\n\t\t\t\t<div class=\"elementor-element elementor-element-f7ead86 e-con-full secta_banner_ e-flex e-con e-parent\" data-id=\"f7ead86\" data-element_type=\"container\" data-e-type=\"container\" data-settings=\"{&quot;background_background&quot;:&quot;classic&quot;}\">\n\t\t<div class=\"elementor-element elementor-element-9bde0a4 e-con-full e-flex e-con e-child\" data-id=\"9bde0a4\" data-element_type=\"container\" data-e-type=\"container\">\n\t\t\t\t<\/div>\n\t\t\t\t<\/div>\n\t\t<div class=\"elementor-element elementor-element-a5c973c e-con-full e-flex e-con e-parent\" data-id=\"a5c973c\" data-element_type=\"container\" data-e-type=\"container\">\n\t\t<div class=\"elementor-element elementor-element-1384bdd e-grid e-con-full conta_block_gal_ e-con e-child\" data-id=\"1384bdd\" data-element_type=\"container\" data-e-type=\"container\" data-settings=\"{&quot;background_background&quot;:&quot;classic&quot;}\">\n\t\t<div class=\"elementor-element elementor-element-5f8d61d e-con-full e-flex e-con e-child\" data-id=\"5f8d61d\" data-element_type=\"container\" data-e-type=\"container\">\n\t\t\t\t<div class=\"elementor-element elementor-element-0c5e688 elementor-widget elementor-widget-image\" data-id=\"0c5e688\" data-element_type=\"widget\" data-e-type=\"widget\" data-widget_type=\"image.default\">\n\t\t\t\t<div class=\"elementor-widget-container\">\n\t\t\t\t\t\t\t\t\t\t\t\t\t\t\t<img fetchpriority=\"high\" decoding=\"async\" width=\"800\" height=\"534\" src=\"https:\/\/www.domaine-fauvriere.fr\/wp-content\/uploads\/2025\/04\/jacuzzi-1024x683.jpg\" class=\"attachment-large size-large wp-image-4948\" alt=\"Jacuzzi\" srcset=\"https:\/\/www.domaine-fauvriere.fr\/wp-content\/uploads\/2025\/04\/jacuzzi-1024x683.jpg 1024w, https:\/\/www.domaine-fauvriere.fr\/wp-content\/uploads\/2025\/04\/jacuzzi-300x200.jpg 300w, https:\/\/www.domaine-fauvriere.fr\/wp-content\/uploads\/2025\/04\/jacuzzi-768x512.jpg 768w, https:\/\/www.domaine-fauvriere.fr\/wp-content\/uploads\/2025\/04\/jacuzzi-1536x1024.jpg 1536w, https:\/\/www.domaine-fauvriere.fr\/wp-content\/uploads\/2025\/04\/jacuzzi-2048x1365.jpg 2048w\" sizes=\"(max-width: 800px) 100vw, 800px\" \/>\t\t\t\t\t\t\t\t\t\t\t\t\t\t\t<\/div>\n\t\t\t\t<\/div>\n\t\t\t\t<\/div>\n\t\t<div class=\"elementor-element elementor-element-880b65b e-con-full e-flex e-con e-child\" data-id=\"880b65b\" data-element_type=\"container\" data-e-type=\"container\">\n\t\t\t\t<div class=\"elementor-element elementor-element-78f4fbf elementor-widget elementor-widget-heading\" data-id=\"78f4fbf\" data-element_type=\"widget\" data-e-type=\"widget\" data-widget_type=\"heading.default\">\n\t\t\t\t<div class=\"elementor-widget-container\">\n\t\t\t\t\t<h2 class=\"elementor-heading-title elementor-size-default\">Aktivit\u00e4ten - Domaine de la Fauvi\u00e8re, Ferienhaus mit Charme in der Normandie<\/h2>\t\t\t\t<\/div>\n\t\t\t\t<\/div>\n\t\t\t\t<div class=\"elementor-element elementor-element-5b3c435 elementor-widget__width-initial elementor-widget elementor-widget-text-editor\" data-id=\"5b3c435\" data-element_type=\"widget\" data-e-type=\"widget\" data-widget_type=\"text-editor.default\">\n\t\t\t\t<div class=\"elementor-widget-container\">\n\t\t\t\t\t\t\t\t\t<p class=\"\" data-start=\"410\" data-end=\"635\"><span style=\"font-weight: 400;\">Tauchen Sie ein in die authentische Erfahrung des <\/span><b>Domaine de la Fauvi\u00e8re<\/b><span style=\"font-weight: 400;\">, im Herzen der Normandie. Profitieren Sie w\u00e4hrend Ihres Aufenthalts von einem idealen Rahmen, um sich zu erholen oder die Wunder der Region dank der verschiedenen Aktivit\u00e4ten zu entdecken, die Ihnen vor Ort oder in der Umgebung zur Verf\u00fcgung stehen.<\/span><\/p>\t\t\t\t\t\t\t\t<\/div>\n\t\t\t\t<\/div>\n\t\t<div class=\"elementor-element elementor-element-ec4d279 e-con-full e-flex e-con e-child\" data-id=\"ec4d279\" data-element_type=\"container\" data-e-type=\"container\">\n\t\t\t\t<div class=\"elementor-element elementor-element-d6e1a2c elementor-widget elementor-widget-button\" data-id=\"d6e1a2c\" data-element_type=\"widget\" data-e-type=\"widget\" data-widget_type=\"button.default\">\n\t\t\t\t<div class=\"elementor-widget-container\">\n\t\t\t\t\t\t\t\t\t<div class=\"elementor-button-wrapper\">\n\t\t\t\t\t<a class=\"elementor-button elementor-button-link elementor-size-sm\" href=\"\/de\/gastezimmer\/\">\n\t\t\t\t\t\t<span class=\"elementor-button-content-wrapper\">\n\t\t\t\t\t\t\t\t\t<span class=\"elementor-button-text\">Unsere G\u00e4stezimmer ansehen<\/span>\n\t\t\t\t\t<\/span>\n\t\t\t\t\t<\/a>\n\t\t\t\t<\/div>\n\t\t\t\t\t\t\t\t<\/div>\n\t\t\t\t<\/div>\n\t\t\t\t<div class=\"elementor-element elementor-element-570130d elementor-widget elementor-widget-button\" data-id=\"570130d\" data-element_type=\"widget\" data-e-type=\"widget\" data-widget_type=\"button.default\">\n\t\t\t\t<div class=\"elementor-widget-container\">\n\t\t\t\t\t\t\t\t\t<div class=\"elementor-button-wrapper\">\n\t\t\t\t\t<a class=\"elementor-button elementor-button-link elementor-size-sm\" href=\"\/de\/naturlodges\/\">\n\t\t\t\t\t\t<span class=\"elementor-button-content-wrapper\">\n\t\t\t\t\t\t\t\t\t<span class=\"elementor-button-text\">Unsere Lodges ansehen<\/span>\n\t\t\t\t\t<\/span>\n\t\t\t\t\t<\/a>\n\t\t\t\t<\/div>\n\t\t\t\t\t\t\t\t<\/div>\n\t\t\t\t<\/div>\n\t\t\t\t<\/div>\n\t\t\t\t<\/div>\n\t\t\t\t<\/div>\n\t\t\t\t<\/div>\n\t\t<div class=\"elementor-element elementor-element-b70ccc6 e-con-full secta_evenements_ e-flex e-con e-parent\" data-id=\"b70ccc6\" data-element_type=\"container\" data-e-type=\"container\" id=\"secta_act_au_dom_\" data-settings=\"{&quot;background_background&quot;:&quot;classic&quot;}\">\n\t\t<div class=\"elementor-element elementor-element-59c2cd3 e-con-full conta_block_gal_ e-flex e-con e-child\" data-id=\"59c2cd3\" data-element_type=\"container\" data-e-type=\"container\">\n\t\t\t\t<div class=\"elementor-element elementor-element-e3536c1 elementor-widget__width-initial elementor-widget elementor-widget-heading\" data-id=\"e3536c1\" data-element_type=\"widget\" data-e-type=\"widget\" data-widget_type=\"heading.default\">\n\t\t\t\t<div class=\"elementor-widget-container\">\n\t\t\t\t\t<h2 class=\"elementor-heading-title elementor-size-default\">Aktivit\u00e4ten innerhalb der Dom\u00e4ne<\/h2>\t\t\t\t<\/div>\n\t\t\t\t<\/div>\n\t\t<div class=\"elementor-element elementor-element-091f4b6 e-con-full e-grid e-con e-child\" data-id=\"091f4b6\" data-element_type=\"container\" data-e-type=\"container\">\n\t\t<div class=\"elementor-element elementor-element-3a839d9 e-con-full e-flex e-con e-child\" data-id=\"3a839d9\" data-element_type=\"container\" data-e-type=\"container\" data-settings=\"{&quot;background_background&quot;:&quot;classic&quot;}\">\n\t\t<div class=\"elementor-element elementor-element-e7cdf73 e-con-full e-flex e-con e-child\" data-id=\"e7cdf73\" data-element_type=\"container\" data-e-type=\"container\" data-settings=\"{&quot;background_background&quot;:&quot;classic&quot;}\">\n\t\t\t\t<\/div>\n\t\t<div class=\"elementor-element elementor-element-c48d003 e-con-full e-flex e-con e-child\" data-id=\"c48d003\" data-element_type=\"container\" data-e-type=\"container\">\n\t\t\t\t<div class=\"elementor-element elementor-element-8280154 elementor-widget elementor-widget-heading\" data-id=\"8280154\" data-element_type=\"widget\" data-e-type=\"widget\" data-widget_type=\"heading.default\">\n\t\t\t\t<div class=\"elementor-widget-container\">\n\t\t\t\t\t<h2 class=\"elementor-heading-title elementor-size-default\">Spa- &amp; Wellnessbereich<\/h2>\t\t\t\t<\/div>\n\t\t\t\t<\/div>\n\t\t\t\t<div class=\"elementor-element elementor-element-12ea16a elementor-widget__width-initial elementor-widget elementor-widget-text-editor\" data-id=\"12ea16a\" data-element_type=\"widget\" data-e-type=\"widget\" data-widget_type=\"text-editor.default\">\n\t\t\t\t<div class=\"elementor-widget-container\">\n\t\t\t\t\t\t\t\t\t<p><span style=\"font-weight: 400;\">Unser Spa-Bereich empf\u00e4ngt Sie in einer friedlichen Umgebung mit einem <\/span><b>privater Whirlpool<\/b><span style=\"font-weight: 400;\">, Das Buch ist sehr gut geeignet f\u00fcr einen Moment der Entspannung.<\/span><\/p>\n<ul>\n<li style=\"font-weight: 400;\" aria-level=\"1\"><span style=\"font-weight: 400;\">Whirlpool t\u00e4glich von 9:00 bis 20:00 Uhr zug\u00e4nglich<\/span><\/li>\n<li style=\"font-weight: 400;\" aria-level=\"1\"><span style=\"font-weight: 400;\">Preis f\u00fcr Bewohner des Ferienhauses: 40 \u20ac pro 1-st\u00fcndige Sitzung (bis zu 4 Personen)<\/span><\/li>\n<li style=\"font-weight: 400;\" aria-level=\"1\"><span style=\"font-weight: 400;\">Preis f\u00fcr externe Besucher: 50 \u20ac pro 1-st\u00fcndige Sitzung<\/span><\/li>\n<li style=\"font-weight: 400;\" aria-level=\"1\"><span style=\"font-weight: 400;\">M\u00f6glichkeit von Massagen nach Vereinbarung (allein oder zu zweit), die von professionellen Praktikerinnen durchgef\u00fchrt werden, zwischen 90 \u20ac und 160 \u20ac pro Stunde.<\/span><p><\/p>\n<\/li><li style=\"font-weight: 400;\" aria-level=\"1\"><span style=\"font-weight: 400;\">Sitzung zur Fu\u00dfreflexzonenmassage 45min 55\u20ac.<\/span><\/li>\n<\/ul>\n<p><span style=\"font-weight: 400;\">Eine wahre Oase der Ruhe, um sich im Herzen der Normandie zu entspannen.<\/span><\/p>\t\t\t\t\t\t\t\t<\/div>\n\t\t\t\t<\/div>\n\t\t\t\t<\/div>\n\t\t\t\t<\/div>\n\t\t<div class=\"elementor-element elementor-element-91d2ecf e-con-full e-flex e-con e-child\" data-id=\"91d2ecf\" data-element_type=\"container\" data-e-type=\"container\" data-settings=\"{&quot;background_background&quot;:&quot;classic&quot;}\">\n\t\t<div class=\"elementor-element elementor-element-4db1a24 e-con-full e-flex e-con e-child\" data-id=\"4db1a24\" data-element_type=\"container\" data-e-type=\"container\" data-settings=\"{&quot;background_background&quot;:&quot;classic&quot;}\">\n\t\t\t\t<\/div>\n\t\t<div class=\"elementor-element elementor-element-8f8b06a e-con-full e-flex e-con e-child\" data-id=\"8f8b06a\" data-element_type=\"container\" data-e-type=\"container\">\n\t\t\t\t<div class=\"elementor-element elementor-element-3e2ee1f elementor-widget elementor-widget-heading\" data-id=\"3e2ee1f\" data-element_type=\"widget\" data-e-type=\"widget\" data-widget_type=\"heading.default\">\n\t\t\t\t<div class=\"elementor-widget-container\">\n\t\t\t\t\t<h2 class=\"elementor-heading-title elementor-size-default\">Picknickk\u00f6rbe<\/h2>\t\t\t\t<\/div>\n\t\t\t\t<\/div>\n\t\t\t\t<div class=\"elementor-element elementor-element-3044c10 elementor-widget__width-initial elementor-widget elementor-widget-text-editor\" data-id=\"3044c10\" data-element_type=\"widget\" data-e-type=\"widget\" data-widget_type=\"text-editor.default\">\n\t\t\t\t<div class=\"elementor-widget-container\">\n\t\t\t\t\t\t\t\t\t<p><span style=\"font-weight: 400;\">Lassen Sie sich von einem Picknickkorb verf\u00fchren, den Sie im Park oder auf Ihren Ausfl\u00fcgen genie\u00dfen k\u00f6nnen:<\/span><\/p><ul><li style=\"font-weight: 400;\" aria-level=\"1\"><span style=\"font-weight: 400;\">45 \u20ac f\u00fcr 2 Personen<\/span><span style=\"font-weight: 400;\"><br \/><\/span><\/li><li style=\"font-weight: 400;\" aria-level=\"1\"><span style=\"font-weight: 400;\">Frische, lokale und saisonale Produkte, die mit Sorgfalt zubereitet werden<\/span><\/li><\/ul>\t\t\t\t\t\t\t\t<\/div>\n\t\t\t\t<\/div>\n\t\t\t\t<\/div>\n\t\t\t\t<\/div>\n\t\t\t\t<\/div>\n\t\t\t\t<div class=\"elementor-element elementor-element-9928062 elementor-widget elementor-widget-heading\" data-id=\"9928062\" data-element_type=\"widget\" data-e-type=\"widget\" data-widget_type=\"heading.default\">\n\t\t\t\t<div class=\"elementor-widget-container\">\n\t\t\t\t\t<h4 class=\"elementor-heading-title elementor-size-default\">Weitere Informationen<\/h4>\t\t\t\t<\/div>\n\t\t\t\t<\/div>\n\t\t\t\t<div class=\"elementor-element elementor-element-5756aff elementor-align-center elementor-widget elementor-widget-button\" data-id=\"5756aff\" data-element_type=\"widget\" data-e-type=\"widget\" data-widget_type=\"button.default\">\n\t\t\t\t<div class=\"elementor-widget-container\">\n\t\t\t\t\t\t\t\t\t<div class=\"elementor-button-wrapper\">\n\t\t\t\t\t<a class=\"elementor-button elementor-button-link elementor-size-sm\" href=\"\/de\/kontakt\/\">\n\t\t\t\t\t\t<span class=\"elementor-button-content-wrapper\">\n\t\t\t\t\t\t\t\t\t<span class=\"elementor-button-text\">Kontaktieren Sie uns<\/span>\n\t\t\t\t\t<\/span>\n\t\t\t\t\t<\/a>\n\t\t\t\t<\/div>\n\t\t\t\t\t\t\t\t<\/div>\n\t\t\t\t<\/div>\n\t\t\t\t<\/div>\n\t\t\t\t<\/div>\n\t\t<div class=\"elementor-element elementor-element-0b030a2 e-con-full secta_souhait_ e-flex e-con e-parent\" data-id=\"0b030a2\" data-element_type=\"container\" data-e-type=\"container\" data-settings=\"{&quot;background_background&quot;:&quot;classic&quot;}\">\n\t\t<div class=\"elementor-element elementor-element-ec8fe9c e-con-full e-flex e-con e-child\" data-id=\"ec8fe9c\" data-element_type=\"container\" data-e-type=\"container\">\n\t\t\t\t<div class=\"elementor-element elementor-element-16214be elementor-widget elementor-widget-heading\" data-id=\"16214be\" data-element_type=\"widget\" data-e-type=\"widget\" data-widget_type=\"heading.default\">\n\t\t\t\t<div class=\"elementor-widget-container\">\n\t\t\t\t\t<h2 class=\"elementor-heading-title elementor-size-default\">Aktivit\u00e4ten in der Umgebung der Domaine<\/h2>\t\t\t\t<\/div>\n\t\t\t\t<\/div>\n\t\t\t\t<\/div>\n\t\t<div class=\"elementor-element elementor-element-c941fd0 e-con-full e-grid conta_block_gal_ e-con e-child\" data-id=\"c941fd0\" data-element_type=\"container\" data-e-type=\"container\">\n\t\t<div class=\"elementor-element elementor-element-1ab8649 e-con-full e-flex e-con e-child\" data-id=\"1ab8649\" data-element_type=\"container\" data-e-type=\"container\" data-settings=\"{&quot;background_background&quot;:&quot;classic&quot;}\">\n\t\t<div class=\"elementor-element elementor-element-736e234 e-con-full e-flex e-con e-child\" data-id=\"736e234\" data-element_type=\"container\" data-e-type=\"container\" data-settings=\"{&quot;background_background&quot;:&quot;classic&quot;}\">\n\t\t\t\t<\/div>\n\t\t<div class=\"elementor-element elementor-element-a36f9d9 e-con-full e-flex e-con e-child\" data-id=\"a36f9d9\" data-element_type=\"container\" data-e-type=\"container\">\n\t\t\t\t<div class=\"elementor-element elementor-element-3556a7c elementor-widget elementor-widget-heading\" data-id=\"3556a7c\" data-element_type=\"widget\" data-e-type=\"widget\" data-widget_type=\"heading.default\">\n\t\t\t\t<div class=\"elementor-widget-container\">\n\t\t\t\t\t<h2 class=\"elementor-heading-title elementor-size-default\">Restaurants in der N\u00e4he<\/h2>\t\t\t\t<\/div>\n\t\t\t\t<\/div>\n\t\t\t\t<div class=\"elementor-element elementor-element-4b6d29b elementor-widget__width-initial elementor-widget elementor-widget-text-editor\" data-id=\"4b6d29b\" data-element_type=\"widget\" data-e-type=\"widget\" data-widget_type=\"text-editor.default\">\n\t\t\t\t<div class=\"elementor-widget-container\">\n\t\t\t\t\t\t\t\t\t<p><span style=\"font-weight: 400;\">Finden Sie eine Auswahl an <\/span><b>Restaurants, die wir empfehlen,<\/b><span style=\"font-weight: 400;\"> die sich nur wenige Kilometer vom Anwesen entfernt befinden :<\/span><\/p><p><b>In Bayeux (ca. 20 min) :<\/b><\/p><ul><li style=\"font-weight: 400;\" aria-level=\"1\"><span style=\"font-weight: 400;\">Bonbonne - 13 rue Saint Jean | 02 31 22 90 69<\/span><span style=\"font-weight: 400;\"><br \/><\/span><\/li><li style=\"font-weight: 400;\" aria-level=\"1\"><span style=\"font-weight: 400;\">L'Alchimie - 49 rue Saint Jean | 02 14 08 03 97<\/span><span style=\"font-weight: 400;\"><br \/><\/span><\/li><li style=\"font-weight: 400;\" aria-level=\"1\"><span style=\"font-weight: 400;\">L'Angle Saint Laurent - 2 rue des Bouchers | 02 31 92 03 01<\/span><span style=\"font-weight: 400;\"><br \/><\/span><\/li><li style=\"font-weight: 400;\" aria-level=\"1\"><span style=\"font-weight: 400;\">Le Moulin de la Galette - 38 rue de Nesmond | 02 31 22 47 75<\/span><p>\u00a0<\/p><\/li><\/ul><p><b>In Villers-Bocage (ca. 10 min) :<\/b><\/p><ul><li style=\"font-weight: 400;\" aria-level=\"1\"><span style=\"font-weight: 400;\">Au Vrai Normand - 4 place Jeanne d'Arc | 02 31 77 00 47<\/span><\/li><li style=\"font-weight: 400;\" aria-level=\"1\">Les 3 Rois - 2 place Jeanne d'Arc | 06 37 60 52 63<\/li><\/ul>\t\t\t\t\t\t\t\t<\/div>\n\t\t\t\t<\/div>\n\t\t\t\t<\/div>\n\t\t\t\t<\/div>\n\t\t<div class=\"elementor-element elementor-element-98eb406 e-con-full e-flex e-con e-child\" data-id=\"98eb406\" data-element_type=\"container\" data-e-type=\"container\" data-settings=\"{&quot;background_background&quot;:&quot;classic&quot;}\">\n\t\t<div class=\"elementor-element elementor-element-dabd74b e-con-full e-flex e-con e-child\" data-id=\"dabd74b\" data-element_type=\"container\" data-e-type=\"container\" data-settings=\"{&quot;background_background&quot;:&quot;classic&quot;}\">\n\t\t\t\t<\/div>\n\t\t<div class=\"elementor-element elementor-element-215196c e-con-full e-flex e-con e-child\" data-id=\"215196c\" data-element_type=\"container\" data-e-type=\"container\">\n\t\t\t\t<div class=\"elementor-element elementor-element-12893fd e-transform elementor-widget elementor-widget-heading\" data-id=\"12893fd\" data-element_type=\"widget\" data-e-type=\"widget\" data-settings=\"{&quot;_transform_translateY_effect_hover&quot;:{&quot;unit&quot;:&quot;px&quot;,&quot;size&quot;:-10,&quot;sizes&quot;:[]},&quot;_transform_translateX_effect_hover&quot;:{&quot;unit&quot;:&quot;px&quot;,&quot;size&quot;:&quot;&quot;,&quot;sizes&quot;:[]},&quot;_transform_translateX_effect_hover_tablet&quot;:{&quot;unit&quot;:&quot;px&quot;,&quot;size&quot;:&quot;&quot;,&quot;sizes&quot;:[]},&quot;_transform_translateX_effect_hover_mobile&quot;:{&quot;unit&quot;:&quot;px&quot;,&quot;size&quot;:&quot;&quot;,&quot;sizes&quot;:[]},&quot;_transform_translateY_effect_hover_tablet&quot;:{&quot;unit&quot;:&quot;px&quot;,&quot;size&quot;:&quot;&quot;,&quot;sizes&quot;:[]},&quot;_transform_translateY_effect_hover_mobile&quot;:{&quot;unit&quot;:&quot;px&quot;,&quot;size&quot;:&quot;&quot;,&quot;sizes&quot;:[]}}\" data-widget_type=\"heading.default\">\n\t\t\t\t<div class=\"elementor-widget-container\">\n\t\t\t\t\t<h2 class=\"elementor-heading-title elementor-size-default\">Kulturelle und historische Touren<\/h2>\t\t\t\t<\/div>\n\t\t\t\t<\/div>\n\t\t\t\t<div class=\"elementor-element elementor-element-99e1cb5 elementor-widget__width-initial elementor-widget elementor-widget-text-editor\" data-id=\"99e1cb5\" data-element_type=\"widget\" data-e-type=\"widget\" data-widget_type=\"text-editor.default\">\n\t\t\t\t<div class=\"elementor-widget-container\">\n\t\t\t\t\t\t\t\t\t<p><span style=\"font-weight: 400;\">Die Domaine de la Fauvi\u00e8re ist ideal gelegen, um die emblematischen Orte der Region zu erkunden:<\/span><\/p><ul><li style=\"font-weight: 400;\" aria-level=\"1\"><span style=\"font-weight: 400;\">Amerikanischer Friedhof Omaha Beach, Colleville-sur-Mer<\/span><span style=\"font-weight: 400;\"><br \/><\/span><\/li><li style=\"font-weight: 400;\" aria-level=\"1\"><span style=\"font-weight: 400;\">Overlord-Museum, Colleville-sur-Mer<\/span><span style=\"font-weight: 400;\"><br \/><\/span><\/li><li style=\"font-weight: 400;\" aria-level=\"1\"><span style=\"font-weight: 400;\">Omaha Beach Memorial, Saint-Laurent-sur-Mer<\/span><span style=\"font-weight: 400;\"><br \/><\/span><\/li><li style=\"font-weight: 400;\" aria-level=\"1\"><span style=\"font-weight: 400;\">Wandteppich in Bayeux<\/span><span style=\"font-weight: 400;\"><br \/><\/span><\/li><li style=\"font-weight: 400;\" aria-level=\"1\"><span style=\"font-weight: 400;\">Kathedrale Notre-Dame de Bayeux<\/span><span style=\"font-weight: 400;\"><br \/><\/span><\/li><li style=\"font-weight: 400;\" aria-level=\"1\"><span style=\"font-weight: 400;\">Die Landungsstr\u00e4nde<\/span><span style=\"font-weight: 400;\"><br \/><br \/><\/span><\/li><\/ul><p><span style=\"font-weight: 400;\">Zahlreiche Wander- und Radwege in der normannischen Bocage<\/span><span style=\"font-weight: 400;\"><br \/><\/span><\/p>\t\t\t\t\t\t\t\t<\/div>\n\t\t\t\t<\/div>\n\t\t\t\t<\/div>\n\t\t\t\t<\/div>\n\t\t\t\t<\/div>\n\t\t\t\t<\/div>\n\t\t<div class=\"elementor-element elementor-element-d48281d e-con-full e-flex e-con e-parent\" data-id=\"d48281d\" data-element_type=\"container\" data-e-type=\"container\" data-settings=\"{&quot;background_background&quot;:&quot;classic&quot;}\">\n\t\t<div class=\"elementor-element elementor-element-cdcc782 e-grid e-con-full conta_block_gal_ e-con e-child\" data-id=\"cdcc782\" data-element_type=\"container\" data-e-type=\"container\" data-settings=\"{&quot;background_background&quot;:&quot;classic&quot;}\">\n\t\t<div class=\"elementor-element elementor-element-af3117b e-con-full e-flex e-con e-child\" data-id=\"af3117b\" data-element_type=\"container\" data-e-type=\"container\">\n\t\t\t\t<div class=\"elementor-element elementor-element-65633c0 elementor-widget elementor-widget-heading\" data-id=\"65633c0\" data-element_type=\"widget\" data-e-type=\"widget\" data-widget_type=\"heading.default\">\n\t\t\t\t<div class=\"elementor-widget-container\">\n\t\t\t\t\t<h2 class=\"elementor-heading-title elementor-size-default\">Warum sollten Sie sich f\u00fcr die Domaine de la Fauvi\u00e8re entscheiden?<\/h2>\t\t\t\t<\/div>\n\t\t\t\t<\/div>\n\t\t\t\t<div class=\"elementor-element elementor-element-f8bd026 elementor-widget__width-initial elementor-widget elementor-widget-text-editor\" data-id=\"f8bd026\" data-element_type=\"widget\" data-e-type=\"widget\" data-widget_type=\"text-editor.default\">\n\t\t\t\t<div class=\"elementor-widget-container\">\n\t\t\t\t\t\t\t\t\t<ul><li style=\"font-weight: 400;\" aria-level=\"1\"><span style=\"font-weight: 400;\">Ein friedlicher, gem\u00fctlicher und charmanter Ort<\/span><span style=\"font-weight: 400;\"><br \/><br \/><\/span><\/li><li style=\"font-weight: 400;\" aria-level=\"1\"><span style=\"font-weight: 400;\">Wellnessangebote, die direkt vor Ort zug\u00e4nglich sind<\/span><span style=\"font-weight: 400;\"><br \/><br \/><\/span><\/li><li style=\"font-weight: 400;\" aria-level=\"1\"><span style=\"font-weight: 400;\">Eine zentrale Lage, um die Reicht\u00fcmer der Normandie zu erkunden<\/span><\/li><\/ul>\t\t\t\t\t\t\t\t<\/div>\n\t\t\t\t<\/div>\n\t\t\t\t<\/div>\n\t\t<div class=\"elementor-element elementor-element-2cf82eb e-con-full e-flex e-con e-child\" data-id=\"2cf82eb\" data-element_type=\"container\" data-e-type=\"container\">\n\t\t\t\t<div class=\"elementor-element elementor-element-a390ba0 elementor-widget elementor-widget-image\" data-id=\"a390ba0\" data-element_type=\"widget\" data-e-type=\"widget\" data-widget_type=\"image.default\">\n\t\t\t\t<div class=\"elementor-widget-container\">\n\t\t\t\t\t\t\t\t\t\t\t\t\t\t\t<img decoding=\"async\" width=\"800\" height=\"532\" src=\"https:\/\/www.domaine-fauvriere.fr\/wp-content\/uploads\/2025\/04\/DSC_1447-1024x681.jpg\" class=\"attachment-large size-large wp-image-4605\" alt=\"DSC_1447\" srcset=\"https:\/\/www.domaine-fauvriere.fr\/wp-content\/uploads\/2025\/04\/DSC_1447-1024x681.jpg 1024w, https:\/\/www.domaine-fauvriere.fr\/wp-content\/uploads\/2025\/04\/DSC_1447-300x200.jpg 300w, https:\/\/www.domaine-fauvriere.fr\/wp-content\/uploads\/2025\/04\/DSC_1447-768x511.jpg 768w, https:\/\/www.domaine-fauvriere.fr\/wp-content\/uploads\/2025\/04\/DSC_1447-1536x1022.jpg 1536w, https:\/\/www.domaine-fauvriere.fr\/wp-content\/uploads\/2025\/04\/DSC_1447-2048x1363.jpg 2048w\" sizes=\"(max-width: 800px) 100vw, 800px\" \/>\t\t\t\t\t\t\t\t\t\t\t\t\t\t\t<\/div>\n\t\t\t\t<\/div>\n\t\t\t\t<\/div>\n\t\t\t\t<\/div>\n\t\t\t\t<\/div>\n\t\t\t\t<\/div>","protected":false},"excerpt":{"rendered":"<p>Activit\u00e9s \u2013 Domaine de la Fauvi\u00e8re, G\u00eete de charme en Normandie Plongez dans l\u2019exp\u00e9rience authentique du Domaine de la Fauvi\u00e8re, situ\u00e9 au c\u0153ur de la Normandie. Lors de votre s\u00e9jour, profitez d\u2019un cadre id\u00e9al pour vous ressourcer ou d\u00e9couvrir les merveilles de la r\u00e9gion gr\u00e2ce aux diff\u00e9rentes activit\u00e9s \u00e0 disposition , sur place ou aux [&hellip;]<\/p>\n","protected":false},"author":2,"featured_media":0,"parent":0,"menu_order":0,"comment_status":"closed","ping_status":"closed","template":"","meta":{"_acf_changed":false,"_seopress_robots_primary_cat":"","_seopress_titles_title":"Activit\u00e9s et Bien-\u00eatre \u2013 Domaine de la Fauvi\u00e8re en Normandie","_seopress_titles_desc":"Profitez du spa, des massages bien-\u00eatre, des paniers pique-nique et des activit\u00e9s aux alentours du Domaine de la Fauvi\u00e8re. D\u00e9tente et d\u00e9couvertes au c\u0153ur de la Normandie.","_seopress_robots_index":"","footnotes":""},"class_list":["post-3786","page","type-page","status-publish","hentry"],"acf":[],"_links":{"self":[{"href":"https:\/\/www.domaine-fauvriere.fr\/de\/wp-json\/wp\/v2\/pages\/3786","targetHints":{"allow":["GET"]}}],"collection":[{"href":"https:\/\/www.domaine-fauvriere.fr\/de\/wp-json\/wp\/v2\/pages"}],"about":[{"href":"https:\/\/www.domaine-fauvriere.fr\/de\/wp-json\/wp\/v2\/types\/page"}],"author":[{"embeddable":true,"href":"https:\/\/www.domaine-fauvriere.fr\/de\/wp-json\/wp\/v2\/users\/2"}],"replies":[{"embeddable":true,"href":"https:\/\/www.domaine-fauvriere.fr\/de\/wp-json\/wp\/v2\/comments?post=3786"}],"version-history":[{"count":69,"href":"https:\/\/www.domaine-fauvriere.fr\/de\/wp-json\/wp\/v2\/pages\/3786\/revisions"}],"predecessor-version":[{"id":6257,"href":"https:\/\/www.domaine-fauvriere.fr\/de\/wp-json\/wp\/v2\/pages\/3786\/revisions\/6257"}],"wp:attachment":[{"href":"https:\/\/www.domaine-fauvriere.fr\/de\/wp-json\/wp\/v2\/media?parent=3786"}],"curies":[{"name":"wp","href":"https:\/\/api.w.org\/{rel}","templated":true}]}}